{"id":21296,"date":"2023-03-15T17:04:48","date_gmt":"2023-03-15T16:04:48","guid":{"rendered":"https:\/\/guineaqueen.com\/veleprodaja\/"},"modified":"2024-07-30T19:08:55","modified_gmt":"2024-07-30T17:08:55","slug":"veleprodaja","status":"publish","type":"page","link":"https:\/\/guineaqueen.com\/sl\/veleprodaja\/","title":{"rendered":"Veleprodaja"},"content":{"rendered":"\t\t<div data-elementor-type=\"wp-page\" data-elementor-id=\"21296\" class=\"elementor elementor-21296 elementor-9149\">\n\t\t\t\t\t\t<section class=\"wd-negative-gap elementor-section elementor-top-section elementor-element elementor-element-b5db221 elementor-section-boxed elementor-section-height-default elementor-section-height-default\" data-id=\"b5db221\" data-element_type=\"section\">\n\t\t\t\t\t\t<div class=\"elementor-container elementor-column-gap-default\">\n\t\t\t\t\t<div class=\"elementor-column elementor-col-100 elementor-top-column elementor-element elementor-element-9c0d263\" data-id=\"9c0d263\" data-element_type=\"column\">\n\t\t\t<div class=\"elementor-widget-wrap elementor-element-populated\">\n\t\t\t\t\t\t<div class=\"elementor-element elementor-element-76889d3 elementor-widget elementor-widget-wd_text_block\" data-id=\"76889d3\" data-element_type=\"widget\" data-widget_type=\"wd_text_block.default\">\n\t\t\t\t<div class=\"elementor-widget-container\">\n\t\t\t\t\t\t\t<div class=\"wd-text-block reset-last-child text-left\">\n\t\t\t\n\t\t\t<p>\u010ce \u017eelite v svojo trgovino ali spletno trgovino vklju\u010diti izdelke Guineaqueen, nas prosimo kontaktirajte na <a href=\"mailto:wheek@guineaqueen.com\" target=\"_blank\" rel=\"noopener\">wheek@guineaqueen.com<\/a>.<\/p><p>Prosimo sporo\u010dite nam, za katere izdelke ste zainteresirani in \u017eelene koli\u010dine. Prav tako vklju\u010dite naslednje informacije:<\/p><ul><li>Ime podjetja<\/li><li>Naslov (z dr\u017eavo)<\/li><li>Spletna stran<\/li><li>Dru\u017ebena omre\u017eja<\/li><li>Kontaktni e-naslov<br><\/li><\/ul><p>Po prejemu va\u0161ega sporo\u010dila bomo z vami kmalu stopili v stik.<\/p><p>Prosimo upo\u0161tevajte, da je minimalni znesek naro\u010dila 300 EUR + po\u0161tnina. Izdelkov Guineaqueen ni dovoljeno prodajati na tretjih spletnih straneh (kot so Amazon in eBay). <\/p>\n\t\t\t\t\t<\/div>\n\t\t\t\t\t\t<\/div>\n\t\t\t\t<\/div>\n\t\t\t\t\t<\/div>\n\t\t<\/div>\n\t\t\t\t\t<\/div>\n\t\t<\/section>\n\t\t\t\t<\/div>\n\t\t","protected":false},"excerpt":{"rendered":"<p>\u010ce \u017eelite v svojo trgovino ali spletno trgovino vklju\u010diti izdelke Guineaqueen, nas prosimo kontaktirajte na wheek@guineaqueen.com. Prosimo sporo\u010dite nam, za<\/p>\n","protected":false},"author":1,"featured_media":0,"parent":0,"menu_order":0,"comment_status":"closed","ping_status":"closed","template":"","meta":{"footnotes":""},"class_list":["post-21296","page","type-page","status-publish","hentry"],"_links":{"self":[{"href":"https:\/\/guineaqueen.com\/sl\/wp-json\/wp\/v2\/pages\/21296","targetHints":{"allow":["GET"]}}],"collection":[{"href":"https:\/\/guineaqueen.com\/sl\/wp-json\/wp\/v2\/pages"}],"about":[{"href":"https:\/\/guineaqueen.com\/sl\/wp-json\/wp\/v2\/types\/page"}],"author":[{"embeddable":true,"href":"https:\/\/guineaqueen.com\/sl\/wp-json\/wp\/v2\/users\/1"}],"replies":[{"embeddable":true,"href":"https:\/\/guineaqueen.com\/sl\/wp-json\/wp\/v2\/comments?post=21296"}],"version-history":[{"count":0,"href":"https:\/\/guineaqueen.com\/sl\/wp-json\/wp\/v2\/pages\/21296\/revisions"}],"wp:attachment":[{"href":"https:\/\/guineaqueen.com\/sl\/wp-json\/wp\/v2\/media?parent=21296"}],"curies":[{"name":"wp","href":"https:\/\/api.w.org\/{rel}","templated":true}]}}