{"id":24987,"date":"2023-04-09T17:14:58","date_gmt":"2023-04-09T15:14:58","guid":{"rendered":"https:\/\/guineaqueen.com\/toptipi-piramida-za-seno\/"},"modified":"2024-08-27T17:37:22","modified_gmt":"2024-08-27T15:37:22","slug":"toptipi-piramida-za-seno","status":"publish","type":"product","link":"https:\/\/guineaqueen.com\/sl\/izdelek\/toptipi-piramida-za-seno\/","title":{"rendered":"Toptipi piramida za seno"},"content":{"rendered":"","protected":false},"excerpt":{"rendered":"<p>Izbolj\u0161ajte bivali\u0161\u010de va\u0161ega ljubljen\u010dka z na\u0161o vsestransko Toptipi piramido za seno! Namenjena je morskim pra\u0161i\u010dkom, kuncem in \u010din\u010dilam. Ta samostoje\u010da piramida iz mehkega materiala poskrbi, da je hranjenje zabavno in urejeno, saj seno ohranja na enem mestu in hkrati slu\u017ei kot igra\u010da. Njena \u010dista, mehka zasnova s tremi odprtinami zmanj\u0161uje odpadke in prepre\u010duje nered, kar zagotavlja, da va\u0161i kosmatinci u\u017eivajo v svojem senu brez navlake in odpadnega sena. Poleg tega je enostavna za \u010di\u0161\u010denje. Idealna je za za vse kletke, ograde in igralne ograde.<\/p>\n","protected":false},"featured_media":21067,"comment_status":"closed","ping_status":"closed","template":"","meta":[],"product_brand":[],"product_cat":[282,286],"product_tag":[],"class_list":{"0":"post-24987","1":"product","2":"type-product","3":"status-publish","4":"has-post-thumbnail","6":"product_cat-zivi-jej","7":"product_cat-hranilniki-sena","9":"first","10":"instock","11":"taxable","12":"shipping-taxable","13":"purchasable","14":"product-type-variable","15":"has-default-attributes"},"_links":{"self":[{"href":"https:\/\/guineaqueen.com\/sl\/wp-json\/wp\/v2\/product\/24987","targetHints":{"allow":["GET"]}}],"collection":[{"href":"https:\/\/guineaqueen.com\/sl\/wp-json\/wp\/v2\/product"}],"about":[{"href":"https:\/\/guineaqueen.com\/sl\/wp-json\/wp\/v2\/types\/product"}],"replies":[{"embeddable":true,"href":"https:\/\/guineaqueen.com\/sl\/wp-json\/wp\/v2\/comments?post=24987"}],"version-history":[{"count":0,"href":"https:\/\/guineaqueen.com\/sl\/wp-json\/wp\/v2\/product\/24987\/revisions"}],"wp:featuredmedia":[{"embeddable":true,"href":"https:\/\/guineaqueen.com\/sl\/wp-json\/wp\/v2\/media\/21067"}],"wp:attachment":[{"href":"https:\/\/guineaqueen.com\/sl\/wp-json\/wp\/v2\/media?parent=24987"}],"wp:term":[{"taxonomy":"product_brand","embeddable":true,"href":"https:\/\/guineaqueen.com\/sl\/wp-json\/wp\/v2\/product_brand?post=24987"},{"taxonomy":"product_cat","embeddable":true,"href":"https:\/\/guineaqueen.com\/sl\/wp-json\/wp\/v2\/product_cat?post=24987"},{"taxonomy":"product_tag","embeddable":true,"href":"https:\/\/guineaqueen.com\/sl\/wp-json\/wp\/v2\/product_tag?post=24987"}],"curies":[{"name":"wp","href":"https:\/\/api.w.org\/{rel}","templated":true}]}}