{"id":25114,"date":"2024-03-11T19:04:51","date_gmt":"2024-03-11T18:04:51","guid":{"rendered":"https:\/\/guineaqueen.com\/blazinice-pocivalnica\/"},"modified":"2024-08-24T11:32:55","modified_gmt":"2024-08-24T09:32:55","slug":"blazinica-pocivalnica","status":"publish","type":"product","link":"https:\/\/guineaqueen.com\/sl\/izdelek\/blazinica-pocivalnica\/","title":{"rendered":"Blazinica Po\u010divalnica\u2122"},"content":{"rendered":"","protected":false},"excerpt":{"rendered":"<p>GuineaQueen\u00ae blazinica Po\u010divalnica\u2122 je idealen dodatek za va\u0161ega morskega pra\u0161i\u010dka. Narejena je iz mehkega flisa in polnila, ki zagotavlja udobje in toplino. Za razliko od obi\u010dajnih lulu podlog, ki vpijajo vlago, ta blazinica omogo\u010da, da urin prehaja skozi njo, kar ohranja spalni prostor va\u0161ega ljubljen\u010dka suh in prijeten. Namenjena je uporabi v GuineaQueen\u00ae <a href=\"https:\/\/guineaqueen.com\/kategorija-izdelka\/sleep_hide\/\" target=\"_blank\" rel=\"noopener\">posteljicah in skrivali\u0161\u010dih<\/a>, a je odli\u010dna tudi kot samostojna blazinica. Enostavna za pranje v pralnem stroju, zra\u010dna in prijazna za zdravje va\u0161ega ljubljen\u010dka.<\/p>\n","protected":false},"featured_media":19033,"comment_status":"closed","ping_status":"closed","template":"","meta":[],"product_brand":[],"product_cat":[292,293,294],"product_tag":[333,321,331,323,329],"class_list":{"0":"post-25114","1":"product","2":"type-product","3":"status-publish","4":"has-post-thumbnail","6":"product_cat-spi-in-skrivaj-se","7":"product_cat-posteljice","8":"product_cat-skrivalisca","9":"product_tag-obojestransko","10":"product_tag-oprema","11":"product_tag-podlogica","12":"product_tag-posteljica","13":"product_tag-skrivalisce","15":"first","16":"instock","17":"taxable","18":"shipping-taxable","19":"purchasable","20":"product-type-variable","21":"has-default-attributes"},"_links":{"self":[{"href":"https:\/\/guineaqueen.com\/sl\/wp-json\/wp\/v2\/product\/25114","targetHints":{"allow":["GET"]}}],"collection":[{"href":"https:\/\/guineaqueen.com\/sl\/wp-json\/wp\/v2\/product"}],"about":[{"href":"https:\/\/guineaqueen.com\/sl\/wp-json\/wp\/v2\/types\/product"}],"replies":[{"embeddable":true,"href":"https:\/\/guineaqueen.com\/sl\/wp-json\/wp\/v2\/comments?post=25114"}],"version-history":[{"count":0,"href":"https:\/\/guineaqueen.com\/sl\/wp-json\/wp\/v2\/product\/25114\/revisions"}],"wp:featuredmedia":[{"embeddable":true,"href":"https:\/\/guineaqueen.com\/sl\/wp-json\/wp\/v2\/media\/19033"}],"wp:attachment":[{"href":"https:\/\/guineaqueen.com\/sl\/wp-json\/wp\/v2\/media?parent=25114"}],"wp:term":[{"taxonomy":"product_brand","embeddable":true,"href":"https:\/\/guineaqueen.com\/sl\/wp-json\/wp\/v2\/product_brand?post=25114"},{"taxonomy":"product_cat","embeddable":true,"href":"https:\/\/guineaqueen.com\/sl\/wp-json\/wp\/v2\/product_cat?post=25114"},{"taxonomy":"product_tag","embeddable":true,"href":"https:\/\/guineaqueen.com\/sl\/wp-json\/wp\/v2\/product_tag?post=25114"}],"curies":[{"name":"wp","href":"https:\/\/api.w.org\/{rel}","templated":true}]}}