{"id":25175,"date":"2024-03-03T15:44:57","date_gmt":"2024-03-03T14:44:57","guid":{"rendered":"https:\/\/guineaqueen.com\/obrniokrog-skrivalisce\/"},"modified":"2025-12-09T00:09:13","modified_gmt":"2025-12-08T23:09:13","slug":"obrniokrog-skrivalisce","status":"publish","type":"product","link":"https:\/\/guineaqueen.com\/sl\/izdelek\/obrniokrog-skrivalisce\/","title":{"rendered":"ObrniOkrog\u2122 skrivali\u0161\u010de"},"content":{"rendered":"","protected":false},"excerpt":{"rendered":"<p>Spoznajte GuineaQueen\u00ae ObrniOkrog\u2122 skrivali\u0161\u010de: udobno skrivali\u0161\u010de za va\u0161ega ljubljen\u010dka, zasnovano z mislijo na preprostost in funkcionalnost. To skrivali\u0161\u010de je narejeno iz mehkega materiala, ki va\u0161emu kosmatincu nudi prijeten in varen prostor za po\u010ditek in sprostitev. Posebnost ObrniOkrog\u2122 skrivali\u0161\u010da je funkcija obra\u010danja, ki omogo\u010da enostavno su\u0161enje spodnjega dela. Ko ga obrnete, se vlaga hitreje posu\u0161i, kar pomeni, da boste skrivali\u0161\u010de morali manj pogosto prati. S tem ne le olaj\u0161ate svoje delo, ampak tudi poskrbite, da bo va\u0161 ljubljen\u010dek vedno imel suho in udobno mesto za po\u010ditek.<\/p>\n<p>GuineaQueen\u00ae ObrniOkrog\u2122 je idealen za vse, ki \u017eelijo svojemu ljubljen\u010dku zagotoviti najbolj\u0161e udobje brez dodatnega truda pri vzdr\u017eevanju. Ni \u010dudno, da je to Blondijevo najljub\u0161e skrivali\u0161\u010de!<\/p>\n","protected":false},"featured_media":25337,"comment_status":"closed","ping_status":"closed","template":"","meta":[],"product_brand":[],"product_cat":[279,294,292],"product_tag":[321,329],"class_list":{"0":"post-25175","1":"product","2":"type-product","3":"status-publish","4":"has-post-thumbnail","6":"product_cat-novo","7":"product_cat-skrivalisca","8":"product_cat-spi-in-skrivaj-se","9":"product_tag-oprema","10":"product_tag-skrivalisce","12":"first","13":"instock","14":"featured","15":"taxable","16":"shipping-taxable","17":"purchasable","18":"product-type-variable","19":"has-default-attributes"},"_links":{"self":[{"href":"https:\/\/guineaqueen.com\/sl\/wp-json\/wp\/v2\/product\/25175","targetHints":{"allow":["GET"]}}],"collection":[{"href":"https:\/\/guineaqueen.com\/sl\/wp-json\/wp\/v2\/product"}],"about":[{"href":"https:\/\/guineaqueen.com\/sl\/wp-json\/wp\/v2\/types\/product"}],"replies":[{"embeddable":true,"href":"https:\/\/guineaqueen.com\/sl\/wp-json\/wp\/v2\/comments?post=25175"}],"version-history":[{"count":0,"href":"https:\/\/guineaqueen.com\/sl\/wp-json\/wp\/v2\/product\/25175\/revisions"}],"wp:featuredmedia":[{"embeddable":true,"href":"https:\/\/guineaqueen.com\/sl\/wp-json\/wp\/v2\/media\/25337"}],"wp:attachment":[{"href":"https:\/\/guineaqueen.com\/sl\/wp-json\/wp\/v2\/media?parent=25175"}],"wp:term":[{"taxonomy":"product_brand","embeddable":true,"href":"https:\/\/guineaqueen.com\/sl\/wp-json\/wp\/v2\/product_brand?post=25175"},{"taxonomy":"product_cat","embeddable":true,"href":"https:\/\/guineaqueen.com\/sl\/wp-json\/wp\/v2\/product_cat?post=25175"},{"taxonomy":"product_tag","embeddable":true,"href":"https:\/\/guineaqueen.com\/sl\/wp-json\/wp\/v2\/product_tag?post=25175"}],"curies":[{"name":"wp","href":"https:\/\/api.w.org\/{rel}","templated":true}]}}