{"id":25214,"date":"2024-03-11T16:10:43","date_gmt":"2024-03-11T15:10:43","guid":{"rendered":"https:\/\/guineaqueen.com\/posteljica-flip-z-brezplacno-blazinico-pocivalnica\/"},"modified":"2024-08-27T15:36:43","modified_gmt":"2024-08-27T13:36:43","slug":"posteljica-flip-z-brezplacno-blazinico-pocivalnica","status":"publish","type":"product","link":"https:\/\/guineaqueen.com\/sl\/izdelek\/posteljica-flip-z-brezplacno-blazinico-pocivalnica\/","title":{"rendered":"Posteljica Flip z brezpla\u010dno blazinico Po\u010divalnica\u2122"},"content":{"rendered":"","protected":false},"excerpt":{"rendered":"<p>Pocrkljajte svojega morskega pra\u0161i\u010dka z udobjem Guineaqueen\u00ae posteljice Flip, ki za dvojno mehkobo vklju\u010duje tudi dodatno blazinico Po\u010divalnica\u2122. Posteljica in blazinica sta obojestranski, narejeni iz flisa in prijetno mehkega polnila ter ponujata \u0161tiri barvne kombinacije. Posteljica je pralna in lepa, ter je popoln koti\u010dek za po\u010ditek va\u0161ega morskega pra\u0161i\u010dka.<\/p>\n","protected":false},"featured_media":18707,"comment_status":"closed","ping_status":"closed","template":"","meta":[],"product_brand":[],"product_cat":[292,293,279],"product_tag":[333,321,323],"class_list":{"0":"post-25214","1":"product","2":"type-product","3":"status-publish","4":"has-post-thumbnail","6":"product_cat-spi-in-skrivaj-se","7":"product_cat-posteljice","8":"product_cat-novo","9":"product_tag-obojestransko","10":"product_tag-oprema","11":"product_tag-posteljica","13":"first","14":"instock","15":"featured","16":"taxable","17":"shipping-taxable","18":"purchasable","19":"product-type-variable","20":"has-default-attributes"},"_links":{"self":[{"href":"https:\/\/guineaqueen.com\/sl\/wp-json\/wp\/v2\/product\/25214","targetHints":{"allow":["GET"]}}],"collection":[{"href":"https:\/\/guineaqueen.com\/sl\/wp-json\/wp\/v2\/product"}],"about":[{"href":"https:\/\/guineaqueen.com\/sl\/wp-json\/wp\/v2\/types\/product"}],"replies":[{"embeddable":true,"href":"https:\/\/guineaqueen.com\/sl\/wp-json\/wp\/v2\/comments?post=25214"}],"version-history":[{"count":0,"href":"https:\/\/guineaqueen.com\/sl\/wp-json\/wp\/v2\/product\/25214\/revisions"}],"wp:featuredmedia":[{"embeddable":true,"href":"https:\/\/guineaqueen.com\/sl\/wp-json\/wp\/v2\/media\/18707"}],"wp:attachment":[{"href":"https:\/\/guineaqueen.com\/sl\/wp-json\/wp\/v2\/media?parent=25214"}],"wp:term":[{"taxonomy":"product_brand","embeddable":true,"href":"https:\/\/guineaqueen.com\/sl\/wp-json\/wp\/v2\/product_brand?post=25214"},{"taxonomy":"product_cat","embeddable":true,"href":"https:\/\/guineaqueen.com\/sl\/wp-json\/wp\/v2\/product_cat?post=25214"},{"taxonomy":"product_tag","embeddable":true,"href":"https:\/\/guineaqueen.com\/sl\/wp-json\/wp\/v2\/product_tag?post=25214"}],"curies":[{"name":"wp","href":"https:\/\/api.w.org\/{rel}","templated":true}]}}