{"id":25288,"date":"2024-03-03T17:37:03","date_gmt":"2024-03-03T16:37:03","guid":{"rendered":"https:\/\/guineaqueen.com\/pigipod-skrivalisce-posteljica-z-blazinico-pocivalnica\/"},"modified":"2024-08-27T12:44:04","modified_gmt":"2024-08-27T10:44:04","slug":"pigipod-skrivalisce-posteljica-z-blazinico-pocivalnica","status":"publish","type":"product","link":"https:\/\/guineaqueen.com\/sl\/izdelek\/pigipod-skrivalisce-posteljica-z-blazinico-pocivalnica\/","title":{"rendered":"Pigipod\u2122 skrivali\u0161\u010de posteljica z blazinico Po\u010divalnica\u2122"},"content":{"rendered":"","protected":false},"excerpt":{"rendered":"<p>Predstavljamo Guineaqueen\u00ae Pigipod\u2122: popolno ravnovesje med zasebnostjo in odprtostjo za udobje va\u0161ega morskega pra\u0161i\u010dka. To edinstveno oblikovano skrivali\u0161\u010de posteljica Pigipod\u2122 ima veliko, oja\u010dano odprtino za enostaven dostop, ki va\u0161emu ljubljen\u010dku zagotavlja ob\u010dutek varnosti in svobode. Pigipod\u2122 vklju\u010duje brezpla\u010dno obojestransko blazinico Po\u010divalnica\u2122, ki ponuja dvobarvno zasnovo za prilagoditev videza. Nadgradite bivalni prostor svojega ljubljen\u010dka s stilskim in vsestranskim skrivali\u0161\u010dem posteljico Pigipod\u2122.<\/p>\n","protected":false},"featured_media":18550,"comment_status":"closed","ping_status":"closed","template":"","meta":[],"product_brand":[],"product_cat":[276,279,293,294,292],"product_tag":[321,323,329],"class_list":{"0":"post-25288","1":"product","2":"type-product","3":"status-publish","4":"has-post-thumbnail","6":"product_cat-najbolj-prodajano","7":"product_cat-novo","8":"product_cat-posteljice","9":"product_cat-skrivalisca","10":"product_cat-spi-in-skrivaj-se","11":"product_tag-oprema","12":"product_tag-posteljica","13":"product_tag-skrivalisce","15":"first","16":"instock","17":"featured","18":"taxable","19":"shipping-taxable","20":"purchasable","21":"product-type-variable","22":"has-default-attributes"},"_links":{"self":[{"href":"https:\/\/guineaqueen.com\/sl\/wp-json\/wp\/v2\/product\/25288","targetHints":{"allow":["GET"]}}],"collection":[{"href":"https:\/\/guineaqueen.com\/sl\/wp-json\/wp\/v2\/product"}],"about":[{"href":"https:\/\/guineaqueen.com\/sl\/wp-json\/wp\/v2\/types\/product"}],"replies":[{"embeddable":true,"href":"https:\/\/guineaqueen.com\/sl\/wp-json\/wp\/v2\/comments?post=25288"}],"version-history":[{"count":0,"href":"https:\/\/guineaqueen.com\/sl\/wp-json\/wp\/v2\/product\/25288\/revisions"}],"wp:featuredmedia":[{"embeddable":true,"href":"https:\/\/guineaqueen.com\/sl\/wp-json\/wp\/v2\/media\/18550"}],"wp:attachment":[{"href":"https:\/\/guineaqueen.com\/sl\/wp-json\/wp\/v2\/media?parent=25288"}],"wp:term":[{"taxonomy":"product_brand","embeddable":true,"href":"https:\/\/guineaqueen.com\/sl\/wp-json\/wp\/v2\/product_brand?post=25288"},{"taxonomy":"product_cat","embeddable":true,"href":"https:\/\/guineaqueen.com\/sl\/wp-json\/wp\/v2\/product_cat?post=25288"},{"taxonomy":"product_tag","embeddable":true,"href":"https:\/\/guineaqueen.com\/sl\/wp-json\/wp\/v2\/product_tag?post=25288"}],"curies":[{"name":"wp","href":"https:\/\/api.w.org\/{rel}","templated":true}]}}