{"id":30330,"date":"2024-02-08T17:04:18","date_gmt":"2024-02-08T16:04:18","guid":{"rendered":"https:\/\/guineaqueen.com\/product\/skrivalisce-jagodna-torta\/"},"modified":"2025-01-14T14:32:40","modified_gmt":"2025-01-14T13:32:40","slug":"skrivalisce-jagodna-torta","status":"publish","type":"product","link":"https:\/\/guineaqueen.com\/sl\/izdelek\/skrivalisce-jagodna-torta\/","title":{"rendered":"Skrivali\u0161\u010de Jagodna torta"},"content":{"rendered":"","protected":false},"excerpt":{"rendered":"<p>Predstavljamo skrivali\u0161\u010de Jagodna torta &#8211; zabavno, prijetno in udobno zato\u010di\u0161\u010de za va\u0161ega ljubljen\u010dka! Oblikovano kot kos torte z ljubko jagodo in smetano, prina\u0161a \u010dar vsakemu prostoru. Narejeno je iz pene in polnila, obdana s flisom. Zagotavlja stabilnost in udobje, da se va\u0161 ljubljen\u010dek po\u010duti varno in prijetno. Skrivali\u0161\u010de je prostorno in enostavno za \u010di\u0161\u010denje, zato je prakti\u010den dodatek k bivali\u0161\u010du va\u0161ega ljubljen\u010dka. S svojim ljubkim dizajnom prina\u0161a veselje vam in va\u0161emu ljubljen\u010dku. Za dodatno \u010disto\u010do priporo\u010damo uporabo na\u0161ih vrhunskih <a href=\"\" target=\"\" rel=\"\">lulu podlog<\/a>, ki so narejene posebej za Torta skrivali\u0161\u010de in so na voljo lo\u010deno. Razvajajte svojega ljubljen\u010dka z udobnim skrivali\u0161\u010dem Jagodna torta prijetna kombinacija igrivosti in udobja, ki jo bo va\u0161 ljubljen\u010dek vzljubil!  <\/p>\n","protected":false},"featured_media":18329,"comment_status":"closed","ping_status":"closed","template":"","meta":[],"product_brand":[],"product_cat":[292,294],"product_tag":[330],"class_list":{"0":"post-30330","1":"product","2":"type-product","3":"status-publish","4":"has-post-thumbnail","6":"product_cat-spi-in-skrivaj-se","7":"product_cat-skrivalisca","8":"product_tag-skrivalisce-brlog","10":"first","11":"instock","12":"taxable","13":"shipping-taxable","14":"purchasable","15":"product-type-variable"},"_links":{"self":[{"href":"https:\/\/guineaqueen.com\/sl\/wp-json\/wp\/v2\/product\/30330","targetHints":{"allow":["GET"]}}],"collection":[{"href":"https:\/\/guineaqueen.com\/sl\/wp-json\/wp\/v2\/product"}],"about":[{"href":"https:\/\/guineaqueen.com\/sl\/wp-json\/wp\/v2\/types\/product"}],"replies":[{"embeddable":true,"href":"https:\/\/guineaqueen.com\/sl\/wp-json\/wp\/v2\/comments?post=30330"}],"version-history":[{"count":1,"href":"https:\/\/guineaqueen.com\/sl\/wp-json\/wp\/v2\/product\/30330\/revisions"}],"predecessor-version":[{"id":30331,"href":"https:\/\/guineaqueen.com\/sl\/wp-json\/wp\/v2\/product\/30330\/revisions\/30331"}],"wp:featuredmedia":[{"embeddable":true,"href":"https:\/\/guineaqueen.com\/sl\/wp-json\/wp\/v2\/media\/18329"}],"wp:attachment":[{"href":"https:\/\/guineaqueen.com\/sl\/wp-json\/wp\/v2\/media?parent=30330"}],"wp:term":[{"taxonomy":"product_brand","embeddable":true,"href":"https:\/\/guineaqueen.com\/sl\/wp-json\/wp\/v2\/product_brand?post=30330"},{"taxonomy":"product_cat","embeddable":true,"href":"https:\/\/guineaqueen.com\/sl\/wp-json\/wp\/v2\/product_cat?post=30330"},{"taxonomy":"product_tag","embeddable":true,"href":"https:\/\/guineaqueen.com\/sl\/wp-json\/wp\/v2\/product_tag?post=30330"}],"curies":[{"name":"wp","href":"https:\/\/api.w.org\/{rel}","templated":true}]}}