{"id":35997,"date":"2023-04-09T17:17:09","date_gmt":"2023-04-09T15:17:09","guid":{"rendered":"https:\/\/guineaqueen.com\/product\/hiska-skrivalisce-gora\/"},"modified":"2026-04-01T18:00:39","modified_gmt":"2026-04-01T16:00:39","slug":"hiska-skrivalisce-gora","status":"publish","type":"product","link":"https:\/\/guineaqueen.com\/sl\/izdelek\/hiska-skrivalisce-gora\/","title":{"rendered":"Hi\u0161ka skrivali\u0161\u010de Gora"},"content":{"rendered":"","protected":false},"excerpt":{"rendered":"<p data-start=\"0\" data-end=\"200\"><span class=\"BZ_Pyq_fadeIn\">To <\/span><span class=\"BZ_Pyq_fadeIn\">prikupno <\/span><span class=\"BZ_Pyq_fadeIn\">skrivali\u0161\u010de <\/span><span class=\"BZ_Pyq_fadeIn\">v <\/span><span class=\"BZ_Pyq_fadeIn\">obliki <\/span><span class=\"BZ_Pyq_fadeIn\">gore <\/span><span class=\"BZ_Pyq_fadeIn\">bo <\/span><span class=\"BZ_Pyq_fadeIn\">zagotovo <\/span><span class=\"BZ_Pyq_fadeIn\">popestrilo <\/span><span class=\"BZ_Pyq_fadeIn\">ogrado <\/span><span class=\"BZ_Pyq_fadeIn\">va\u0161ega <\/span><span class=\"BZ_Pyq_fadeIn\">morskega <\/span><span class=\"BZ_Pyq_fadeIn\">pra\u0161i\u010dka. <\/span><span class=\"BZ_Pyq_fadeIn\">Moji <\/span><span class=\"BZ_Pyq_fadeIn\">morski <\/span><span class=\"BZ_Pyq_fadeIn\">pra\u0161i\u010dki <\/span><span class=\"BZ_Pyq_fadeIn\">se <\/span><span class=\"BZ_Pyq_fadeIn\">radi <\/span><span class=\"BZ_Pyq_fadeIn\">skrijejo <\/span><span class=\"BZ_Pyq_fadeIn\">v <\/span><span class=\"BZ_Pyq_fadeIn\">to <\/span><span class=\"BZ_Pyq_fadeIn\">temno <\/span><span class=\"BZ_Pyq_fadeIn\">in <\/span><span class=\"BZ_Pyq_fadeIn\">udobno <\/span><span class=\"BZ_Pyq_fadeIn\">skrivali\u0161\u010de, <\/span><span class=\"BZ_Pyq_fadeIn\">kjer <\/span><span class=\"BZ_Pyq_fadeIn\">se <\/span><span class=\"BZ_Pyq_fadeIn\">po\u010dutijo <\/span><span class=\"BZ_Pyq_fadeIn\">varno <\/span><span class=\"BZ_Pyq_fadeIn\">in <\/span><span class=\"BZ_Pyq_fadeIn\">toplo.<\/span><\/p>\n<p data-start=\"202\" data-end=\"512\"><span class=\"BZ_Pyq_fadeIn\">Skrivali\u0161\u010de <\/span><span class=\"BZ_Pyq_fadeIn\">Gora <\/span><span class=\"BZ_Pyq_fadeIn\">je <\/span><span class=\"BZ_Pyq_fadeIn\">izdelano <\/span><span class=\"BZ_Pyq_fadeIn\">iz<\/span><span class=\"BZ_Pyq_fadeIn\">\u00a0<\/span><span class=\"BZ_Pyq_fadeIn\">pene, <\/span><span class=\"BZ_Pyq_fadeIn\">oble\u010dene <\/span><span class=\"BZ_Pyq_fadeIn\">v <\/span><span class=\"BZ_Pyq_fadeIn\">dve plasti <\/span><span class=\"BZ_Pyq_fadeIn\">flisa. N<\/span><span class=\"BZ_Pyq_fadeIn\">a <\/span><span class=\"BZ_Pyq_fadeIn\">dnu <\/span><span class=\"BZ_Pyq_fadeIn\">ima <\/span><span class=\"BZ_Pyq_fadeIn\">debelo <\/span><span class=\"BZ_Pyq_fadeIn\">plast <\/span><span class=\"BZ_Pyq_fadeIn\">mehkega polnila<\/span><span class=\"BZ_Pyq_fadeIn\">\u00a0 &#8211; <\/span><span class=\"BZ_Pyq_fadeIn\">pena <\/span><span class=\"BZ_Pyq_fadeIn\">poskrbi <\/span><span class=\"BZ_Pyq_fadeIn\">za <\/span><span class=\"BZ_Pyq_fadeIn\">stabilnost, polnilo<\/span><span class=\"BZ_Pyq_fadeIn\">\u00a0<\/span><span class=\"BZ_Pyq_fadeIn\">pa <\/span><span class=\"BZ_Pyq_fadeIn\">za <\/span><span class=\"BZ_Pyq_fadeIn\">prijetno <\/span><span class=\"BZ_Pyq_fadeIn\">mehkobo. <\/span><span class=\"BZ_Pyq_fadeIn\">Zaradi <\/span><span class=\"BZ_Pyq_fadeIn\">strukture <\/span><span class=\"BZ_Pyq_fadeIn\">pene <\/span><span class=\"BZ_Pyq_fadeIn\">je <\/span><span class=\"BZ_Pyq_fadeIn\">skrivali\u0161\u010de <\/span><span class=\"BZ_Pyq_fadeIn\">prostorno <\/span><span class=\"BZ_Pyq_fadeIn\">in <\/span><span class=\"BZ_Pyq_fadeIn\">lepo <\/span><span class=\"BZ_Pyq_fadeIn\">ohranja <\/span><span class=\"BZ_Pyq_fadeIn\">obliko. <\/span><span class=\"BZ_Pyq_fadeIn\">Je <\/span><span class=\"BZ_Pyq_fadeIn\">prikupen <\/span><span class=\"BZ_Pyq_fadeIn\">dodatek, <\/span><span class=\"BZ_Pyq_fadeIn\">ki <\/span><span class=\"BZ_Pyq_fadeIn\">obogati <\/span><span class=\"BZ_Pyq_fadeIn\">bivali\u0161\u010de <\/span><span class=\"BZ_Pyq_fadeIn\">va\u0161ega <\/span><span class=\"BZ_Pyq_fadeIn\">ljubljen\u010dka.<\/span><\/p>\n<p data-start=\"514\" data-end=\"745\" data-is-last-node=\"\" data-is-only-node=\"\"><span class=\"BZ_Pyq_fadeIn\">Za <\/span><span class=\"BZ_Pyq_fadeIn\">la\u017eje <\/span><span class=\"BZ_Pyq_fadeIn\">vzdr\u017eevanje <\/span><span class=\"BZ_Pyq_fadeIn\">in <\/span><span class=\"BZ_Pyq_fadeIn\">dalj\u0161o <\/span><span class=\"BZ_Pyq_fadeIn\">\u017eivljenjsko <\/span><span class=\"BZ_Pyq_fadeIn\">dobo <\/span><span class=\"BZ_Pyq_fadeIn\">priporo\u010damo <\/span><span class=\"BZ_Pyq_fadeIn\">uporabo <\/span><span class=\"BZ_Pyq_fadeIn\">lulu <\/span><span class=\"BZ_Pyq_fadeIn\">podlogice za skrivali\u0161\u010de Gora, <\/span><span class=\"BZ_Pyq_fadeIn\">izdelane <\/span><span class=\"BZ_Pyq_fadeIn\">na <\/span><span class=\"BZ_Pyq_fadeIn\">enak <\/span><span class=\"BZ_Pyq_fadeIn\">na\u010din <\/span><span class=\"BZ_Pyq_fadeIn\">kot <\/span><span class=\"BZ_Pyq_fadeIn\">na\u0161e \u201c<\/span><span class=\"BZ_Pyq_fadeIn\">velike\u201d <\/span><span class=\"BZ_Pyq_fadeIn\">Guineaqueen <\/span><span class=\"BZ_Pyq_fadeIn\">podloge\u00a0 &#8211; <\/span><span class=\"BZ_Pyq_fadeIn\">zelo <\/span><span class=\"BZ_Pyq_fadeIn\">vpojne <\/span><span class=\"BZ_Pyq_fadeIn\">in <\/span><span class=\"BZ_Pyq_fadeIn\">nepremo\u010dljive. <\/span><span class=\"BZ_Pyq_fadeIn\">Lulu <\/span><span class=\"BZ_Pyq_fadeIn\">podloga <\/span><span class=\"BZ_Pyq_fadeIn\">ni <\/span><span class=\"BZ_Pyq_fadeIn\">vklju\u010dena <\/span><span class=\"BZ_Pyq_fadeIn\">in <\/span><span class=\"BZ_Pyq_fadeIn\">jo <\/span><span class=\"BZ_Pyq_fadeIn\">je <\/span><span class=\"BZ_Pyq_fadeIn\">mogo\u010de <\/span><a href=\"https:\/\/guineaqueen.com\/sl\/izdelek\/lulu-podlogica-za-skrivalisce-gora\/\" target=\"_blank\" rel=\"noopener\"><span class=\"BZ_Pyq_fadeIn\">kupiti <\/span><\/a><span class=\"BZ_Pyq_fadeIn\">lo\u010deno.<\/span><\/p>\n<p>&nbsp;<\/p>\n","protected":false},"featured_media":18319,"comment_status":"closed","ping_status":"closed","template":"","meta":[],"product_brand":[],"product_cat":[292,294],"product_tag":[330],"class_list":{"0":"post-35997","1":"product","2":"type-product","3":"status-publish","4":"has-post-thumbnail","6":"product_cat-spi-in-skrivaj-se","7":"product_cat-skrivalisca","8":"product_tag-skrivalisce-brlog","10":"first","11":"instock","12":"taxable","13":"shipping-taxable","14":"purchasable","15":"product-type-simple"},"_links":{"self":[{"href":"https:\/\/guineaqueen.com\/sl\/wp-json\/wp\/v2\/product\/35997","targetHints":{"allow":["GET"]}}],"collection":[{"href":"https:\/\/guineaqueen.com\/sl\/wp-json\/wp\/v2\/product"}],"about":[{"href":"https:\/\/guineaqueen.com\/sl\/wp-json\/wp\/v2\/types\/product"}],"replies":[{"embeddable":true,"href":"https:\/\/guineaqueen.com\/sl\/wp-json\/wp\/v2\/comments?post=35997"}],"version-history":[{"count":1,"href":"https:\/\/guineaqueen.com\/sl\/wp-json\/wp\/v2\/product\/35997\/revisions"}],"predecessor-version":[{"id":35999,"href":"https:\/\/guineaqueen.com\/sl\/wp-json\/wp\/v2\/product\/35997\/revisions\/35999"}],"wp:featuredmedia":[{"embeddable":true,"href":"https:\/\/guineaqueen.com\/sl\/wp-json\/wp\/v2\/media\/18319"}],"wp:attachment":[{"href":"https:\/\/guineaqueen.com\/sl\/wp-json\/wp\/v2\/media?parent=35997"}],"wp:term":[{"taxonomy":"product_brand","embeddable":true,"href":"https:\/\/guineaqueen.com\/sl\/wp-json\/wp\/v2\/product_brand?post=35997"},{"taxonomy":"product_cat","embeddable":true,"href":"https:\/\/guineaqueen.com\/sl\/wp-json\/wp\/v2\/product_cat?post=35997"},{"taxonomy":"product_tag","embeddable":true,"href":"https:\/\/guineaqueen.com\/sl\/wp-json\/wp\/v2\/product_tag?post=35997"}],"curies":[{"name":"wp","href":"https:\/\/api.w.org\/{rel}","templated":true}]}}